{"id":1149,"date":"2023-12-01T21:50:59","date_gmt":"2023-12-02T02:50:59","guid":{"rendered":"https:\/\/tiendasamor.com\/?post_type=product&#038;p=1149"},"modified":"2024-05-14T22:10:31","modified_gmt":"2024-05-15T03:10:31","slug":"bathmate-hydromax7-35-more-power","status":"publish","type":"product","link":"https:\/\/tiendasamor.com\/index.php\/producto\/bathmate-hydromax7-35-more-power\/","title":{"rendered":"Bathmate Hydromax7  35% More Power"},"content":{"rendered":"<p><strong>BATHMATE HYDROMAX 7 X30 BRITANICO ORIGINAL.\u00a0<\/strong>Es un alargador de pene realmente efectivo con efectos definitivos. Bathmate Hydromax7 X30 te permitir\u00e1 desarrollar tu pene hasta obtener esos tan ansiados cent\u00edmetros que siempre has querido, sin cirug\u00edas costosas, ni pastillas.<\/p>\n<ul>\n<li>bomba de pene<\/li>\n<li>pera de mano con extensi\u00f3n de tubo<\/li>\n<li>una funda tipo neceser con cierre seguro<\/li>\n<li>indicador de medici\u00f3n<\/li>\n<li>esponja de limpieza<\/li>\n<li>almohadilla de descanso<\/li>\n<li>arn\u00e9s para la ducha<\/li>\n<li>toalla de algod\u00f3n hydromax<\/li>\n<li>lubricante<\/li>\n<li>manual de instrucci\u00f3n.<\/li>\n<\/ul>\n","protected":false},"excerpt":{"rendered":"<p>BATHMATE HYDROMAX 7 X30 BRITANICO ORIGINAL.\u00a0Es un alargador de pene realmente efectivo con efectos definitivos. Bathmate Hydromax7 X30 te permitir\u00e1 desarrollar tu pene hasta obtener esos tan ansiados cent\u00edmetros que siempre has querido, sin cirug\u00edas costosas, ni pastillas. bomba de pene pera de mano con extensi\u00f3n de tubo una funda tipo neceser con cierre seguro [&hellip;]<\/p>\n","protected":false},"featured_media":1865,"comment_status":"open","ping_status":"closed","template":"","meta":[],"product_brand":[],"product_cat":[38,39],"product_tag":[],"class_list":{"0":"post-1149","1":"product","2":"type-product","3":"status-publish","4":"has-post-thumbnail","6":"product_cat-bomba-de-succion","7":"product_cat-desarrolladores","9":"first","10":"instock","11":"featured","12":"shipping-taxable","13":"purchasable","14":"product-type-simple"},"_links":{"self":[{"href":"https:\/\/tiendasamor.com\/index.php\/wp-json\/wp\/v2\/product\/1149","targetHints":{"allow":["GET"]}}],"collection":[{"href":"https:\/\/tiendasamor.com\/index.php\/wp-json\/wp\/v2\/product"}],"about":[{"href":"https:\/\/tiendasamor.com\/index.php\/wp-json\/wp\/v2\/types\/product"}],"replies":[{"embeddable":true,"href":"https:\/\/tiendasamor.com\/index.php\/wp-json\/wp\/v2\/comments?post=1149"}],"wp:featuredmedia":[{"embeddable":true,"href":"https:\/\/tiendasamor.com\/index.php\/wp-json\/wp\/v2\/media\/1865"}],"wp:attachment":[{"href":"https:\/\/tiendasamor.com\/index.php\/wp-json\/wp\/v2\/media?parent=1149"}],"wp:term":[{"taxonomy":"product_brand","embeddable":true,"href":"https:\/\/tiendasamor.com\/index.php\/wp-json\/wp\/v2\/product_brand?post=1149"},{"taxonomy":"product_cat","embeddable":true,"href":"https:\/\/tiendasamor.com\/index.php\/wp-json\/wp\/v2\/product_cat?post=1149"},{"taxonomy":"product_tag","embeddable":true,"href":"https:\/\/tiendasamor.com\/index.php\/wp-json\/wp\/v2\/product_tag?post=1149"}],"curies":[{"name":"wp","href":"https:\/\/api.w.org\/{rel}","templated":true}]}}