{"id":872,"date":"2023-11-29T16:44:28","date_gmt":"2023-11-29T15:44:28","guid":{"rendered":"https:\/\/estudiowebperu.com\/ta\/?page_id=872"},"modified":"2024-01-16T17:57:47","modified_gmt":"2024-01-16T22:57:47","slug":"quienes-somos","status":"publish","type":"page","link":"https:\/\/tiendasamor.com\/index.php\/quienes-somos\/","title":{"rendered":"Quienes somos"},"content":{"rendered":"\t\t<div data-elementor-type=\"wp-page\" data-elementor-id=\"872\" class=\"elementor elementor-872\" data-elementor-post-type=\"page\">\n\t\t\t\t<div class=\"elementor-element elementor-element-e94a385 e-flex e-con-boxed e-con e-parent\" data-id=\"e94a385\" data-element_type=\"container\" data-e-type=\"container\">\n\t\t\t\t\t<div class=\"e-con-inner\">\n\t\t<div class=\"elementor-element elementor-element-149d27b e-con-full elementor-hidden-tablet elementor-hidden-mobile e-flex e-con e-child\" data-id=\"149d27b\" data-element_type=\"container\" data-e-type=\"container\">\n\t\t\t\t<div class=\"elementor-element elementor-element-72589d1 elementor-widget elementor-widget-image\" data-id=\"72589d1\" data-element_type=\"widget\" data-e-type=\"widget\" data-widget_type=\"image.default\">\n\t\t\t\t<div class=\"elementor-widget-container\">\n\t\t\t\t\t\t\t\t\t\t\t\t\t\t\t<img decoding=\"async\" src=\"https:\/\/estudiowebperu.com\/ta\/wp-content\/uploads\/2023\/11\/iconshop1.png\" title=\"\" alt=\"\" loading=\"lazy\" \/>\t\t\t\t\t\t\t\t\t\t\t\t\t\t\t<\/div>\n\t\t\t\t<\/div>\n\t\t\t\t<div class=\"elementor-element elementor-element-e4be250 elementor-widget elementor-widget-html\" data-id=\"e4be250\" data-element_type=\"widget\" data-e-type=\"widget\" data-widget_type=\"html.default\">\n\t\t\t\t<div class=\"elementor-widget-container\">\n\t\t\t\t\t<div class=\"boxlocationGroup\">\r\n<div class=\"boxlocation\">\r\n<p class=\"title\">Plaza Norte<\/p>\r\n<p class=\"ddir\">Jr. Sol de Oro 2173 Tda. 1<\/p>\r\n<p class=\"dref\">Ref. Altura paradero Pilas, Panamericana con Angelica Gamarra, frente al Mercado El Trebol.<\/p>\r\n<p class=\"dtef\">01-5335930 C. 964864773 \/ 969889888<\/p>\r\n<\/div>      \r\n<div class=\"boxlocation\">\r\n<p class=\"title\">Miraflores<\/p>\r\n<p class=\"ddir\">Jr. Cantuarias 140\u00a0Tda. 231, 2do piso.<\/p>\r\n<p class=\"dref\">Ref. Altura del Parque Kennedy, Municipalidad de Miraflores.<\/p>\r\n<p class=\"dtef\">01-2557580 C.: 964864773 \/ 969889888<\/p>\r\n<\/div>\r\n<div class=\"boxlocation\">\r\n<p class=\"title\">Pro - Los Olivos<\/p>\r\n<p class=\"ddir\">Av. Alfredo Mendiola 7923 Tda. 102<\/p>\r\n<p class=\"dref\">Ref. Al costado de Dental Karisma<\/p>\r\n<p class=\"dtef\">01-5400224 C.: 964864773 \/ 969889888<\/p>\r\n<\/div>\r\n<div class=\"boxlocation\">\r\n<p class=\"title\">Puente Piedra<\/p>\r\n<p class=\"ddir\">Av. Pte. Piedra 308 Tda. 301 3er. piso<\/p>\r\n<p class=\"dref\">Ref. Altura paredero Cooperativa (Mercado Cooperativa)<\/p>\r\n<p class=\"dtef\">01-333 8799 C.: 964864773 \/ 969889888<\/p>\r\n<\/div>\r\n<div class=\"boxlocation\">\r\n<p class=\"title\">Los Olivos<\/p>\r\n<p class=\"ddir\">Av Alfredo Mendiola 1929 Tda. 201<\/p>\r\n<p class=\"dref\">Ref. Cruce Panamericana con Tomas Valle<\/p>\r\n<p class=\"dtef\">01-6365154 C.: 964864773 \/ 969889888<\/p>\r\n<\/div>\r\n<div class=\"boxlocation\">\r\n<p class=\"title\">Los Olivos<\/p>\r\n<p class=\"ddir\">Av. Alfredo Mendiola 3849 tda 6 1er piso Gal. Plaza Dolaris<\/p>\r\n<p class=\"dref\">Ref. Frente a Metro<\/p>\r\n<p class=\"dtef\">C.: 964864773 \/ 969889888<\/p>\r\n<\/div>\r\n<div class=\"boxlocation\">\r\n<p class=\"title\">Puente Piedra<\/p>\r\n<p class=\"ddir\">Av puente piedra 241 tda 2 segundo piso<\/p>\r\n<p class=\"dref\">Ref. Al costado de Stanford<\/p>\r\n<p class=\"dtef\">964864773 \/ 969889888<\/p>\r\n<\/div>\r\n<div class=\"boxlocation\">\r\n<p class=\"title\">Lince<\/p>\r\n<p class=\"ddir\">Av. Arenales 2055<\/p>\r\n<p class=\"dref\">Ref. Altura C. C RISO<\/p>\r\n<p class=\"dtef\">01-5335930 C.: 964864773 \/ 969889888<\/p>\r\n<\/div>\r\n<div class=\"boxlocation\">\r\n<p class=\"title\">San Isidro<\/p>\r\n<p class=\"ddir\">Av. Camino Real 497, Tda 123 - 124<\/p>\r\n<p class=\"dref\">Ref. Frente al Centro Comercial Camino Real<\/p>\r\n<p class=\"dtef\">T. 964864773 \/ 969889888<\/p>\r\n<\/div>\r\n<div class=\"boxlocation\">\r\n<p class=\"title\">Pucallpa<\/p>\r\n<p class=\"ddir\">Jr. Tacna 748 Tda. 13 C. Comercial MAY-USHIN PLAZA<\/p>\r\n<p class=\"dref\">Ref. Frente a Olva Courrier<\/p>\r\n<p class=\"dtef\">061-285595 C.: 964864773 \/ 969889888<\/p>\r\n<\/div>\r\n<div class=\"boxlocation\">\r\n<p class=\"title\">Tarapoto<\/p>\r\n<p class=\"ddir\">Jr. Jim\u00e9nez Pimentel 179 Tda. 301 tercer piso<\/p>\r\n<p class=\"dref\">Ref. A med\u00eda cuadra de la Plaza de Armas, al costado de caja Huancayo<\/p>\r\n<p class=\"dtef\">042-634984 C.: 964864773 \/ 969889888<\/p>\r\n<\/div>\r\n<div class=\"boxlocation\">\r\n<p class=\"title\">Ja\u00e9n<\/p>\r\n<p class=\"ddir\">Jr. Aguas Verdes 895 Tda. 210 Sdo. piso T.: 061 285595 Cel 939648817<\/p>\r\n<p class=\"dref\">Ref. Centro Comercial Aguas Verdes<\/p>\r\n<p class=\"dtef\">061-285595 C.: 964864773 \/ 969889888<\/p>\r\n<\/div>\r\n<\/div>\t\t\t\t<\/div>\n\t\t\t\t<\/div>\n\t\t\t\t<\/div>\n\t\t<div class=\"elementor-element elementor-element-3b12335 e-con-full e-flex e-con e-child\" data-id=\"3b12335\" data-element_type=\"container\" data-e-type=\"container\">\n\t\t\t\t<div class=\"elementor-element elementor-element-2d67ced elementor-widget elementor-widget-text-editor\" data-id=\"2d67ced\" data-element_type=\"widget\" data-e-type=\"widget\" data-widget_type=\"text-editor.default\">\n\t\t\t\t<div class=\"elementor-widget-container\">\n\t\t\t\t\t\t\t\t\t<h1>\u00bfQui\u00e9nes somos?<\/h1><p>Tiendasamor.com es una tienda Online. Detr\u00e1s de Tiendas Amor hay todo un equipo trabajando, desde Personal Shopper, formados para orientarte en tu compra y especializados en Atenci\u00f3n al cliente para resolver cualquier duda que tengas, hasta expertos inform\u00e1ticos que se aseguran de que en nuestra tienda todo funciona correctamente.<\/p><p><span style=\"color: var( --e-global-color-text ); font-family: var( --e-global-typography-text-font-family ), Sans-serif; font-weight: var( --e-global-typography-text-font-weight ); text-align: var(--text-align); font-size: 1rem;\">Se trata de un sexshop online, por lo que no tenemos tienda f\u00edsica. Sin embargo, podemos enviar tu paquete a cualquier parte de Espa\u00f1a, Portugal y muchos pa\u00edses de Europa.<\/span><\/p><p><span style=\"color: var( --e-global-color-text ); font-family: var( --e-global-typography-text-font-family ), Sans-serif; font-weight: var( --e-global-typography-text-font-weight ); text-align: var(--text-align); font-size: 1rem;\">Nuestras ventajas&#8230;<\/span><\/p><p><span style=\"color: var( --e-global-color-text ); font-family: var( --e-global-typography-text-font-family ), Sans-serif; font-weight: var( --e-global-typography-text-font-weight ); text-align: var(--text-align); font-size: 1rem;\">Ya has puesto cara a todos los que estamos detr\u00e1s de la pantalla de tu ordenador pero, \u00bfquieres saber por qu\u00e9 elegirnos? Estas son s\u00f3lo algunas de nuestras ventajas:<\/span><\/p><p><span style=\"color: var( --e-global-color-text ); font-family: var( --e-global-typography-text-font-family ), Sans-serif; font-size: 1rem; font-weight: var( --e-global-typography-text-font-weight ); text-align: var(--text-align);\">Selecci\u00f3n de productos<\/span><\/p><p><span style=\"color: var( --e-global-color-text ); font-family: var( --e-global-typography-text-font-family ), Sans-serif; font-size: 1rem; font-weight: var( --e-global-typography-text-font-weight ); text-align: var(--text-align);\">En Juguete Rosa contamos con m\u00e1s de 5.000 productos er\u00f3ticos. Estos son s\u00f3lo una selecci\u00f3n de toda la oferta disponible en el mercado, ya que para Juguete Rosa la calidad es imprescindible; al fin y al cabo \u00a1sabemos el uso que vas a darle, y queremos que te dure! \ud83d\ude09<\/span><\/p><p><span style=\"color: var( --e-global-color-text ); font-family: var( --e-global-typography-text-font-family ), Sans-serif; font-weight: var( --e-global-typography-text-font-weight ); text-align: var(--text-align); font-size: 1rem;\">Esta gama de productos se adapta a todas las necesidades y gustos. No importa que sea tu primer vibrador, que est\u00e9s buscando una r\u00e9plica de la vagina de una actriz que te vuelve loco o que el tema 50 Sombras de Grey te parezca algo muy suave y t\u00fa quieras verdadera acci\u00f3n.<\/span><\/p><p><span style=\"color: var( --e-global-color-text ); font-family: var( --e-global-typography-text-font-family ), Sans-serif; font-weight: var( --e-global-typography-text-font-weight ); text-align: var(--text-align); font-size: 1rem;\">Compra guiada<\/span><\/p><p><span style=\"color: var( --e-global-color-text ); font-family: var( --e-global-typography-text-font-family ), Sans-serif; font-weight: var( --e-global-typography-text-font-weight ); text-align: var(--text-align); font-size: 1rem;\">\u00bfSabes claramente lo que quieres y no lo encuentras, o est\u00e1s algo perdido y necesitas alguien que te aconseje un poco?<\/span><\/p><p><span style=\"color: var( --e-global-color-text ); font-family: var( --e-global-typography-text-font-family ), Sans-serif; font-weight: var( --e-global-typography-text-font-weight ); text-align: var(--text-align); font-size: 1rem;\">No importa cu\u00e1l sea tu caso. En nuestra tienda online lo virtual no es impedimento de una atenci\u00f3n personalizada, porque contamos con un equipo de expertos que te ayudar\u00e1n con cualquier duda que tengas.<\/span><\/p><p><span style=\"color: var( --e-global-color-text ); font-family: var( --e-global-typography-text-font-family ), Sans-serif; font-weight: var( --e-global-typography-text-font-weight ); text-align: var(--text-align); font-size: 1rem;\">Puedes llamarnos por tel\u00e9fono, escribirnos un email o hablarnos por el chat. Juntos buscaremos el juguete adecuado para ti, te asesoraremos entre las diferentes opciones y buscaremos ese producto perfecto para ti.<\/span><\/p><p><span style=\"color: var( --e-global-color-text ); font-family: var( --e-global-typography-text-font-family ), Sans-serif; font-weight: var( --e-global-typography-text-font-weight ); text-align: var(--text-align); font-size: 1rem;\">Sabemos lo dif\u00edcil que puede resultar en un primer momento as\u00ed que\u2026 \u00bfte echamos una mano?<\/span><\/p><p><span style=\"color: var( --e-global-color-text ); font-family: var( --e-global-typography-text-font-family ), Sans-serif; font-weight: var( --e-global-typography-text-font-weight ); text-align: var(--text-align); font-size: 1rem;\">Facilidad de navegaci\u00f3n<\/span><\/p><p><span style=\"color: var( --e-global-color-text ); font-family: var( --e-global-typography-text-font-family ), Sans-serif; font-weight: var( --e-global-typography-text-font-weight ); text-align: var(--text-align); font-size: 1rem;\">Cada d\u00eda buscamos mejorar nuestra tienda online para que tu experiencia de compra sea m\u00e1s sencilla. Por eso, a\u00f1adimos filtros y opciones para que te resulte muy sencillo encontrar el juguete o producto er\u00f3tico que buscas.<\/span><\/p><p><span style=\"color: var( --e-global-color-text ); font-family: var( --e-global-typography-text-font-family ), Sans-serif; font-weight: var( --e-global-typography-text-font-weight ); text-align: var(--text-align); font-size: 1rem;\">Nuestras categor\u00edas van desde las opciones m\u00e1s generales, como juguetes para \u00e9l o para ella, a productos espec\u00edficos como masturbadores masculinos, vibradores o consoladores o arneses strap on, pasando por pr\u00e1cticas como el Bondage.<\/span><\/p><p><span style=\"color: var( --e-global-color-text ); font-family: var( --e-global-typography-text-font-family ), Sans-serif; font-weight: var( --e-global-typography-text-font-weight ); text-align: var(--text-align); font-size: 1rem;\">Una vez dentro de cada categor\u00eda podr\u00e1s seguir filtrando por subcategor\u00edas, tama\u00f1os o precio y te mostraremos s\u00f3lo aquellos productos que cumplen tus requisitos.<\/span><\/p><p><span style=\"color: var( --e-global-color-text ); font-family: var( --e-global-typography-text-font-family ), Sans-serif; font-weight: var( --e-global-typography-text-font-weight ); text-align: var(--text-align); font-size: 1rem;\">Env\u00edo discreto<\/span><\/p><p><span style=\"color: var( --e-global-color-text ); font-family: var( --e-global-typography-text-font-family ), Sans-serif; font-weight: var( --e-global-typography-text-font-weight ); text-align: var(--text-align); font-size: 1rem;\">Como ya hemos comentado en Preguntas frecuentes el env\u00edo discreto es una de las preocupaciones en nuestra tienda Juguete Rosa. Por eso, ni a la hora de realizar el pago, ni en el paquete se har\u00e1 referencia a la tienda. Sabemos lo importante que es la discreci\u00f3n en estos casos.<\/span><\/p><p><span style=\"color: var( --e-global-color-text ); font-family: var( --e-global-typography-text-font-family ), Sans-serif; font-weight: var( --e-global-typography-text-font-weight ); text-align: var(--text-align); font-size: 1rem;\">Cuando recibas tu pedido, ver\u00e1s que se trata de una caja sin ning\u00fan tipo de marcas, como esta que te mostramos aqu\u00ed, y el remitente ser\u00e1 siempre \u201cOperador log\u00edstico\u201d, para que lo que s\u00f3lo sepas t\u00fa (y quien t\u00fa quieras) lo que has comprado.<\/span><\/p>\t\t\t\t\t\t\t\t<\/div>\n\t\t\t\t<\/div>\n\t\t\t\t<div class=\"elementor-element elementor-element-ab129b4 elementor-widget elementor-widget-image\" data-id=\"ab129b4\" data-element_type=\"widget\" data-e-type=\"widget\" data-widget_type=\"image.default\">\n\t\t\t\t<div class=\"elementor-widget-container\">\n\t\t\t\t\t\t\t\t\t\t\t\t\t\t\t<img fetchpriority=\"high\" decoding=\"async\" width=\"800\" height=\"551\" src=\"https:\/\/tiendasamor.com\/wp-content\/uploads\/2024\/01\/comercio-exterior-22-1024x705.jpg\" class=\"attachment-large size-large wp-image-2009\" alt=\"\" srcset=\"https:\/\/tiendasamor.com\/wp-content\/uploads\/2024\/01\/comercio-exterior-22-1024x705.jpg 1024w, https:\/\/tiendasamor.com\/wp-content\/uploads\/2024\/01\/comercio-exterior-22-300x207.jpg 300w, https:\/\/tiendasamor.com\/wp-content\/uploads\/2024\/01\/comercio-exterior-22-768x529.jpg 768w, https:\/\/tiendasamor.com\/wp-content\/uploads\/2024\/01\/comercio-exterior-22-600x413.jpg 600w, https:\/\/tiendasamor.com\/wp-content\/uploads\/2024\/01\/comercio-exterior-22.jpg 1400w\" sizes=\"(max-width: 800px) 100vw, 800px\" \/>\t\t\t\t\t\t\t\t\t\t\t\t\t\t\t<\/div>\n\t\t\t\t<\/div>\n\t\t\t\t<\/div>\n\t\t\t\t\t<\/div>\n\t\t\t\t<\/div>\n\t\t\t\t<\/div>\n\t\t","protected":false},"excerpt":{"rendered":"<p>Plaza Norte Jr. Sol de Oro 2173 Tda. 1 Ref. Altura paradero Pilas, Panamericana con Angelica Gamarra, frente al Mercado El Trebol. 01-5335930 C. 964864773 \/ 969889888 Miraflores Jr. Cantuarias 140\u00a0Tda. 231, 2do piso. Ref. Altura del Parque Kennedy, Municipalidad de Miraflores. 01-2557580 C.: 964864773 \/ 969889888 Pro &#8211; Los Olivos Av. Alfredo Mendiola 7923 [&hellip;]<\/p>\n","protected":false},"author":1,"featured_media":0,"parent":0,"menu_order":0,"comment_status":"closed","ping_status":"closed","template":"","meta":{"footnotes":""},"class_list":["post-872","page","type-page","status-publish","hentry"],"_links":{"self":[{"href":"https:\/\/tiendasamor.com\/index.php\/wp-json\/wp\/v2\/pages\/872","targetHints":{"allow":["GET"]}}],"collection":[{"href":"https:\/\/tiendasamor.com\/index.php\/wp-json\/wp\/v2\/pages"}],"about":[{"href":"https:\/\/tiendasamor.com\/index.php\/wp-json\/wp\/v2\/types\/page"}],"author":[{"embeddable":true,"href":"https:\/\/tiendasamor.com\/index.php\/wp-json\/wp\/v2\/users\/1"}],"replies":[{"embeddable":true,"href":"https:\/\/tiendasamor.com\/index.php\/wp-json\/wp\/v2\/comments?post=872"}],"version-history":[{"count":52,"href":"https:\/\/tiendasamor.com\/index.php\/wp-json\/wp\/v2\/pages\/872\/revisions"}],"predecessor-version":[{"id":2015,"href":"https:\/\/tiendasamor.com\/index.php\/wp-json\/wp\/v2\/pages\/872\/revisions\/2015"}],"wp:attachment":[{"href":"https:\/\/tiendasamor.com\/index.php\/wp-json\/wp\/v2\/media?parent=872"}],"curies":[{"name":"wp","href":"https:\/\/api.w.org\/{rel}","templated":true}]}}