{"id":3,"date":"2023-10-02T20:46:47","date_gmt":"2023-10-02T18:46:47","guid":{"rendered":"https:\/\/estudiowebperu.com\/ta\/?page_id=3"},"modified":"2023-11-30T00:57:17","modified_gmt":"2023-11-29T23:57:17","slug":"politica-privacidad","status":"publish","type":"page","link":"https:\/\/tiendasamor.com\/index.php\/politica-privacidad\/","title":{"rendered":"Pol\u00edtica de privacidad"},"content":{"rendered":"\t\t<div data-elementor-type=\"wp-page\" data-elementor-id=\"3\" class=\"elementor elementor-3\" data-elementor-post-type=\"page\">\n\t\t\t\t<div class=\"elementor-element elementor-element-5e69e40 e-flex e-con-boxed e-con e-parent\" data-id=\"5e69e40\" data-element_type=\"container\" data-e-type=\"container\">\n\t\t\t\t\t<div class=\"e-con-inner\">\n\t\t<div class=\"elementor-element elementor-element-04cc023 e-con-full elementor-hidden-tablet elementor-hidden-mobile e-flex e-con e-child\" data-id=\"04cc023\" data-element_type=\"container\" data-e-type=\"container\">\n\t\t\t\t<div class=\"elementor-element elementor-element-ba20efc elementor-widget elementor-widget-image\" data-id=\"ba20efc\" data-element_type=\"widget\" data-e-type=\"widget\" data-widget_type=\"image.default\">\n\t\t\t\t<div class=\"elementor-widget-container\">\n\t\t\t\t\t\t\t\t\t\t\t\t\t\t\t<img decoding=\"async\" src=\"https:\/\/estudiowebperu.com\/ta\/wp-content\/uploads\/2023\/11\/iconshop1.png\" title=\"\" alt=\"\" loading=\"lazy\" \/>\t\t\t\t\t\t\t\t\t\t\t\t\t\t\t<\/div>\n\t\t\t\t<\/div>\n\t\t\t\t<div class=\"elementor-element elementor-element-a2694a3 elementor-widget elementor-widget-html\" data-id=\"a2694a3\" data-element_type=\"widget\" data-e-type=\"widget\" data-widget_type=\"html.default\">\n\t\t\t\t<div class=\"elementor-widget-container\">\n\t\t\t\t\t<div class=\"boxlocationGroup\">\r\n<div class=\"boxlocation\">\r\n<p class=\"title\">Plaza Norte<\/p>\r\n<p class=\"ddir\">Jr. Sol de Oro 2173 Tda. 1<\/p>\r\n<p class=\"dref\">Ref. Altura paradero Pilas, Panamericana con Angelica Gamarra, frente al Mercado El Trebol.<\/p>\r\n<p class=\"dtef\">01-5335930 C. 964864773 \/ 969889888<\/p>\r\n<\/div>      \r\n<div class=\"boxlocation\">\r\n<p class=\"title\">Miraflores<\/p>\r\n<p class=\"ddir\">Jr. Cantuarias 140\u00a0Tda. 231, 2do piso.<\/p>\r\n<p class=\"dref\">Ref. Altura del Parque Kennedy, Municipalidad de Miraflores.<\/p>\r\n<p class=\"dtef\">01-2557580 C.: 964864773 \/ 969889888<\/p>\r\n<\/div>\r\n<div class=\"boxlocation\">\r\n<p class=\"title\">Pro - Los Olivos<\/p>\r\n<p class=\"ddir\">Av. Alfredo Mendiola 7923 Tda. 102<\/p>\r\n<p class=\"dref\">Ref. Al costado de Dental Karisma<\/p>\r\n<p class=\"dtef\">01-5400224 C.: 964864773 \/ 969889888<\/p>\r\n<\/div>\r\n<div class=\"boxlocation\">\r\n<p class=\"title\">Puente Piedra<\/p>\r\n<p class=\"ddir\">Av. Pte. Piedra 308 Tda. 301 3er. piso<\/p>\r\n<p class=\"dref\">Ref. Altura paredero Cooperativa (Mercado Cooperativa)<\/p>\r\n<p class=\"dtef\">01-333 8799 C.: 964864773 \/ 969889888<\/p>\r\n<\/div>\r\n<div class=\"boxlocation\">\r\n<p class=\"title\">Los Olivos<\/p>\r\n<p class=\"ddir\">Av Alfredo Mendiola 1929 Tda. 201<\/p>\r\n<p class=\"dref\">Ref. Cruce Panamericana con Tomas Valle<\/p>\r\n<p class=\"dtef\">01-6365154 C.: 964864773 \/ 969889888<\/p>\r\n<\/div>\r\n<div class=\"boxlocation\">\r\n<p class=\"title\">Los Olivos<\/p>\r\n<p class=\"ddir\">Av. Alfredo Mendiola 3849 tda 6 1er piso Gal. Plaza Dolaris<\/p>\r\n<p class=\"dref\">Ref. Frente a Metro<\/p>\r\n<p class=\"dtef\">C.: 964864773 \/ 969889888<\/p>\r\n<\/div>\r\n<div class=\"boxlocation\">\r\n<p class=\"title\">Puente Piedra<\/p>\r\n<p class=\"ddir\">Av puente piedra 241 tda 2 segundo piso<\/p>\r\n<p class=\"dref\">Ref. Al costado de Stanford<\/p>\r\n<p class=\"dtef\">964864773 \/ 969889888<\/p>\r\n<\/div>\r\n<div class=\"boxlocation\">\r\n<p class=\"title\">Lince<\/p>\r\n<p class=\"ddir\">Av. Arenales 2055<\/p>\r\n<p class=\"dref\">Ref. Altura C. C RISO<\/p>\r\n<p class=\"dtef\">01-5335930 C.: 964864773 \/ 969889888<\/p>\r\n<\/div>\r\n<div class=\"boxlocation\">\r\n<p class=\"title\">San Isidro<\/p>\r\n<p class=\"ddir\">Av. Camino Real 497, Tda 123 - 124<\/p>\r\n<p class=\"dref\">Ref. Frente al Centro Comercial Camino Real<\/p>\r\n<p class=\"dtef\">T. 964864773 \/ 969889888<\/p>\r\n<\/div>\r\n<div class=\"boxlocation\">\r\n<p class=\"title\">Pucallpa<\/p>\r\n<p class=\"ddir\">Jr. Tacna 748 Tda. 13 C. Comercial MAY-USHIN PLAZA<\/p>\r\n<p class=\"dref\">Ref. Frente a Olva Courrier<\/p>\r\n<p class=\"dtef\">061-285595 C.: 964864773 \/ 969889888<\/p>\r\n<\/div>\r\n<div class=\"boxlocation\">\r\n<p class=\"title\">Tarapoto<\/p>\r\n<p class=\"ddir\">Jr. Jim\u00e9nez Pimentel 179 Tda. 301 tercer piso<\/p>\r\n<p class=\"dref\">Ref. A med\u00eda cuadra de la Plaza de Armas, al costado de caja Huancayo<\/p>\r\n<p class=\"dtef\">042-634984 C.: 964864773 \/ 969889888<\/p>\r\n<\/div>\r\n<div class=\"boxlocation\">\r\n<p class=\"title\">Ja\u00e9n<\/p>\r\n<p class=\"ddir\">Jr. Aguas Verdes 895 Tda. 210 Sdo. piso T.: 061 285595 Cel 939648817<\/p>\r\n<p class=\"dref\">Ref. Centro Comercial Aguas Verdes<\/p>\r\n<p class=\"dtef\">061-285595 C.: 964864773 \/ 969889888<\/p>\r\n<\/div>\r\n<\/div>\t\t\t\t<\/div>\n\t\t\t\t<\/div>\n\t\t\t\t<\/div>\n\t\t<div class=\"elementor-element elementor-element-d2ce219 e-con-full e-flex e-con e-child\" data-id=\"d2ce219\" data-element_type=\"container\" data-e-type=\"container\">\n\t\t\t\t<div class=\"elementor-element elementor-element-23d3ac6 elementor-widget elementor-widget-text-editor\" data-id=\"23d3ac6\" data-element_type=\"widget\" data-e-type=\"widget\" data-widget_type=\"text-editor.default\">\n\t\t\t\t<div class=\"elementor-widget-container\">\n\t\t\t\t\t\t\t\t\t<h1>Aviso Legal y Pol\u00edtica de Privacidad<\/h1>\n<p>En este apartado de nuestra web podr\u00e1s encontrar a tu disposici\u00f3n las condiciones legales. Todo explicado de una forma clara y sencilla, sin tecnicismos ni legalismos. Este es un resumen de lo que aqu\u00ed podr\u00e1s encontrar:<\/p>\n<ul>\n<li>Nunca cedemos tus datos a terceros. \u00danicamente los utilizamos para poder prestarte el servicio que ofrece jugueterosa.com y poder hacerte llegar los emails en relaci\u00f3n a tus pedidos o aclaraci\u00f3n de tus dudas.<\/li>\n<li>No hacemos spam. En cualquier momento podr\u00e1s suscribirte a nuestra newsletter o ejercer tu cancelaci\u00f3n.<\/li>\n<li>No almacenamos nunca tus datos de tarjeta de cr\u00e9dito, los cuales siempre se reciben cifrados siguiendo todos los est\u00e1ndares de seguridad.<\/li>\n<\/ul>\n<p>A continuaci\u00f3n podr\u00e1s encontrar el texto legal al completo:<\/p>\n<p>\u00a0<\/p>\n<h2>Pol\u00edtica de Privacidad<\/h2>\n<p>GRUPO DROPALIA, S.L. informa seguidamente de su pol\u00edtica de privacidad aplicada a los datos personales. El uso de la p\u00e1gina web www.jugueterosa.comno implica que el usuario deba suministrar informaci\u00f3n alguna respecto a su identidad, no pudiendo ser asociada a un usuario concreto por la empresa. En el supuesto que se suministre datos de car\u00e1cter de personal, estos datos ser\u00e1n recogidos y utilizados conforme a las limitaciones y los derechos recogidos en la citada norma.<\/p>\n<h3>\u00bfQui\u00e9n es el Responsable del tratamiento de sus datos?<\/h3>\n<p>Identidad:\u00a0GRUPO DROPALIA, S.L.<\/p>\n<p>CIF:\u00a0B54656798<\/p>\n<p>Direcci\u00f3n postal:\u00a0Calle Britania, 12 Bloque 2 Planta Puerta G, 03540 &#8211; Alicante (ALICANTE).<\/p>\n<p>Tel\u00e9fono:\u00a0965652946<\/p>\n<p>Correo electr\u00f3nico:<\/p>\n<h3>\u00bfCon qu\u00e9 finalidad tratamos sus datos personales?<\/h3>\n<p>En GRUPO DROPALIA, S.L. usamos sus datos personales \u00fanicamente para dar respuesta a las solicitudes remitidas por usted desde los medios facilitados en nuestra web. El tratamiento que realizaremos ser\u00e1 \u00fanicamente atender a las consultas que nos plantee.<\/p>\n<h3>\u00bfCu\u00e1l es la legitimaci\u00f3n para el tratamiento de sus datos?<\/h3>\n<p>La base legal para el tratamiento de sus datos es el consentimiento informado para dar respuesta a las consultas planteadas a trav\u00e9s de la p\u00e1gina web, lo que supone la aceptaci\u00f3n de estas condiciones por parte del interesado.<\/p>\n<h3>\u00bfA qu\u00e9 destinatarios se comunicar\u00e1n sus datos?<\/h3>\n<p>Los datos personales no ser\u00e1n proporcionados a terceros salvo obligaci\u00f3n legal<\/p>\n<h3>\u00bfPor cu\u00e1nto tiempo conservaremos sus datos?<\/h3>\n<p>Los datos ser\u00e1n conservados el tiempo necesario para dar respuesta a las consultas, y posteriormente 12 meses para evitar posibles errores o malentendidos.<\/p>\n<h3>\u00bfCu\u00e1les son sus derechos cuando nos facilita sus datos?<\/h3>\n<p>Tiene derecho a obtener confirmaci\u00f3n sobre si en GRUPO DROPALIA, S.L. estamos tratando datos personales que les conciernan, o no. Tambi\u00e9n tiene derecho a acceder a sus datos personales, as\u00ed como a solicitar la rectificaci\u00f3n de los datos inexactos o, en su caso, solicitar su supresi\u00f3n cuando, entre otros motivos, los datos ya no sean necesarios para los fines que fueron recogidos.<\/p>\n<p>En determinadas circunstancias, podr\u00e1 solicitar la limitaci\u00f3n del tratamiento de sus datos, en cuyo caso \u00fanicamente los conservaremos para el ejercicio o la defensa de reclamaciones. Por motivos relacionados con su situaci\u00f3n particular, tambi\u00e9n podr\u00e1 oponerse al tratamiento de sus datos.<\/p>\n<p>GRUPO DROPALIA, S.L. dejar\u00e1 de tratar los datos, salvo por motivos leg\u00edtimos imperiosos, o el ejercicio o la defensa de posibles reclamaciones. Recuerde que en todo momento podr\u00e1 presentar una reclamaci\u00f3n ante la autoridad de control.<\/p>\n<h3>\u00bfC\u00f3mo hemos obtenido sus datos?<\/h3>\n<p>Los datos personales que tratamos han sido proporcionados directamente por usted a trav\u00e9s de los diferentes formularios de los que dispone la p\u00e1gina web.<\/p>\n<p>\u00danicamente se tratar\u00e1n los datos identificativos y de contacto facilitados.<\/p>\n<p>\u00a0<\/p>\n<h2>Uso de Cookies<\/h2>\n<p>Durante la navegaci\u00f3n en Juguete Rosa se descargar\u00e1n peque\u00f1os ficheros denominados Cookies. Estos ficheros nos permiten reservar y recuperar informaci\u00f3n sobre tus datos de navegaci\u00f3n y el equipo que usas, de manera que podamos reconocerte como usuario.<\/p>\n<h3>Tipos de Cookies utilizadas<\/h3>\n<p>Nuestra p\u00e1gina web utiliza:<\/p>\n<p>(a) Cookies propias: las que nosotros estamos enviando a tu ordenador, smartphone o tablet desde JugueteRosa.com<\/p>\n<p>(b) Cookies de terceros: los ficheros que dominios o p\u00e1ginas web no gestionados por nosotros env\u00edan a tu terminal, con el objetivo de tratar los datos obtenidos a trav\u00e9s de las cookies.\u00a0<\/p>\n<p>(c) Cookies de sesi\u00f3n: dise\u00f1ados para el almacenamiento de datos durante tu navegaci\u00f3n en nuestra web. Te muestran, por ejemplo, los productos que has visto.<\/p>\n<p>(d) Cookies persistentes: se mantienen almacenador en el terminal y son aquellas que nos ayudan a recordarte para tus pr\u00f3ximas visitas, haciendo que tus visitas sean m\u00e1s r\u00e1pidas y sencillas, ya que mantenemos tus ajustes.\u00a0<\/p>\n<p>(e) Cookies de an\u00e1lisis: Juguete Rosa hace uso de Google Analytics con el \u00fanico objetivo de realizar mediciones y an\u00e1lisis estad\u00edsticos de la utilizaci\u00f3n de nuestros usuarios, con el fin de mejorar nuestros productos. As\u00ed mismo, hace uso de Tawk.to para poder gestionar nuestro chat.<\/p>\n<p>(f) Cookies publicitarias: nos permiten gestionar de forma eficiente la publicidad de nuestra web. De esta manera s\u00f3lo te mostraremos aquello que, en funci\u00f3n de tus h\u00e1bitos de navegaci\u00f3n, te resulte interesante.<\/p>\n<h3>Administraci\u00f3n de las Cookies<\/h3>\n<p>Si quieres, puedes permitir, bloquear y borrar las cookies que se hayan instalado en tu navegador. Todos los navegadores, desde su apartado de configuraci\u00f3n, permiten llevar a cabo estas acciones. \u00bfNecesitas m\u00e1s informaci\u00f3n?<\/p>\n<p>(a) Si utilizas Firefox\u2026\u00a0<a href=\"https:\/\/support.mozilla.org\/es\/kb\/habilitar-y-deshabilitar-cookies-sitios-web-rastrear-preferencias?redirectlocale=es&amp;redirectslug=habilitar-y-deshabilitar-cookies-que-los-sitios-we\">https:\/\/support.mozilla.org\/es\/kb\/habilitar-y-deshabilitar-cookies-sitios-web-rastrear-preferencias?redirectlocale=es&amp;redirectslug=habilitar-y-deshabilitar-cookies-que-los-sitios-we<\/a><\/p>\n<p>(b) Si prefieres Chrome\u2026\u00a0<a href=\"https:\/\/support.google.com\/chrome\/answer\/95647?hl=es\">https:\/\/support.google.com\/chrome\/answer\/95647?hl=es<\/a><\/p>\n<p>(c) Si (a\u00fan) utilizas Internet Explorer\u2026\u00a0<a href=\"https:\/\/support.microsoft.com\/es-es\/help\/17442\/windows-internet-explorer-delete-manage-cookies\">https:\/\/support.microsoft.com\/es-es\/help\/17442\/windows-internet-explorer-delete-manage-cookies<\/a><\/p>\n<p>(d) Si \u00a0has optado por usar Safari\u2026\u00a0<a href=\"https:\/\/support.apple.com\/kb\/PH19214?viewlocale=es_ES&amp;locale=es_ES\">https:\/\/support.apple.com\/kb\/PH19214?viewlocale=es_ES&amp;locale=es_ES<\/a><\/p>\n<p>(e) Y si usas \u00d3pera\u2026\u00a0<a href=\"http:\/\/help.opera.com\/Windows\/11.50\/es-ES\/cookies.html\">http:\/\/help.opera.com\/Windows\/11.50\/es-ES\/cookies.html<\/a><\/p>\t\t\t\t\t\t\t\t<\/div>\n\t\t\t\t<\/div>\n\t\t\t\t<\/div>\n\t\t\t\t\t<\/div>\n\t\t\t\t<\/div>\n\t\t\t\t<\/div>\n\t\t","protected":false},"excerpt":{"rendered":"<p>Plaza Norte Jr. Sol de Oro 2173 Tda. 1 Ref. Altura paradero Pilas, Panamericana con Angelica Gamarra, frente al Mercado El Trebol. 01-5335930 C. 964864773 \/ 969889888 Miraflores Jr. Cantuarias 140\u00a0Tda. 231, 2do piso. Ref. Altura del Parque Kennedy, Municipalidad de Miraflores. 01-2557580 C.: 964864773 \/ 969889888 Pro &#8211; Los Olivos Av. Alfredo Mendiola 7923 [&hellip;]<\/p>\n","protected":false},"author":1,"featured_media":0,"parent":0,"menu_order":0,"comment_status":"closed","ping_status":"open","template":"","meta":{"footnotes":""},"class_list":["post-3","page","type-page","status-publish","hentry"],"_links":{"self":[{"href":"https:\/\/tiendasamor.com\/index.php\/wp-json\/wp\/v2\/pages\/3","targetHints":{"allow":["GET"]}}],"collection":[{"href":"https:\/\/tiendasamor.com\/index.php\/wp-json\/wp\/v2\/pages"}],"about":[{"href":"https:\/\/tiendasamor.com\/index.php\/wp-json\/wp\/v2\/types\/page"}],"author":[{"embeddable":true,"href":"https:\/\/tiendasamor.com\/index.php\/wp-json\/wp\/v2\/users\/1"}],"replies":[{"embeddable":true,"href":"https:\/\/tiendasamor.com\/index.php\/wp-json\/wp\/v2\/comments?post=3"}],"version-history":[{"count":16,"href":"https:\/\/tiendasamor.com\/index.php\/wp-json\/wp\/v2\/pages\/3\/revisions"}],"predecessor-version":[{"id":1124,"href":"https:\/\/tiendasamor.com\/index.php\/wp-json\/wp\/v2\/pages\/3\/revisions\/1124"}],"wp:attachment":[{"href":"https:\/\/tiendasamor.com\/index.php\/wp-json\/wp\/v2\/media?parent=3"}],"curies":[{"name":"wp","href":"https:\/\/api.w.org\/{rel}","templated":true}]}}